{"id":149,"date":"2023-12-28T19:54:15","date_gmt":"2023-12-28T19:54:15","guid":{"rendered":"https:\/\/zap546582-1.plesk07.zap-webspace.com\/?page_id=149"},"modified":"2024-01-11T09:07:31","modified_gmt":"2024-01-11T08:07:31","slug":"a-beyond-the-wall-tortenete","status":"publish","type":"page","link":"https:\/\/dekorfal-btw.hu\/?page_id=149","title":{"rendered":"A Beyond The Wall t\u00f6rt\u00e9nete"},"content":{"rendered":"\t\t<div data-elementor-type=\"wp-page\" data-elementor-id=\"149\" class=\"elementor elementor-149\">\n\t\t\t\t<div class=\"elementor-element elementor-element-3309f17 e-flex e-con-boxed wpr-particle-no wpr-jarallax-no wpr-parallax-no wpr-sticky-section-no wpr-equal-height-no e-con e-parent\" data-id=\"3309f17\" data-element_type=\"container\" data-e-type=\"container\">\n\t\t\t\t\t<div class=\"e-con-inner\">\n\t\t\t\t<div class=\"elementor-element elementor-element-ce70429 elementor-widget elementor-widget-spacer\" data-id=\"ce70429\" data-element_type=\"widget\" data-e-type=\"widget\" data-widget_type=\"spacer.default\">\n\t\t\t\t<div class=\"elementor-widget-container\">\n\t\t\t\t\t\t\t<div class=\"elementor-spacer\">\n\t\t\t<div class=\"elementor-spacer-inner\"><\/div>\n\t\t<\/div>\n\t\t\t\t\t\t<\/div>\n\t\t\t\t<\/div>\n\t\t\t\t<div class=\"elementor-element elementor-element-1d6824b elementor-widget__width-initial elementor-widget elementor-widget-text-editor\" data-id=\"1d6824b\" data-element_type=\"widget\" data-e-type=\"widget\" data-widget_type=\"text-editor.default\">\n\t\t\t\t<div class=\"elementor-widget-container\">\n\t\t\t\t\t\t\t\t\t<p style=\"text-align: center;\">Els\u0151sorban dekorfalak tervez\u00e9s\u00e9vel \u00e9s kivitelez\u00e9se foglalkozom. Mindig is vonzottak az egyedi atmoszf\u00e9r\u00e1j\u00fa otthonok, illetve azok megteremt\u00e9se.<\/p>\n<p style=\"text-align: center;\">\u00c9vekkel ezel\u0151tt egy saj\u00e1t \u00e9p\u00edtkez\u00e9s\u00fcnk sor\u00e1n szembes\u00fclt\u00fcnk azzal a kih\u00edv\u00e1ssal, hogy a fest\u0151 nem tudta megteremteni azt a min\u0151s\u00e9get \u00e9s megjelen\u00e9st, amit elk\u00e9pzelt\u00fcnk dekorfalunk sz\u00e1m\u00e1ra. Ez a csal\u00f3d\u00e1s ind\u00edtott el azon az \u00faton, hogy megismerjem \u00e9s megtanuljam, hogyan lehet kiv\u00e1l\u00f3 min\u0151s\u00e9g\u0171 \u00e9s leny\u0171g\u00f6z\u0151 megjelen\u00e9s\u0171 egyedi dekorfalakat l\u00e9trehozni.<\/p>\n<p style=\"text-align: center;\">Hossz\u00fa \u00e9s elk\u00f6telezett tanul\u00e1s sor\u00e1n lehet\u0151s\u00e9gem ny\u00edlt a legkiv\u00e1l\u00f3bb hazai dekorfalk\u00e9sz\u00edt\u0151kt\u0151l tanulni \u00e9s sz\u00e1mos kiv\u00e1l\u00f3 min\u0151s\u00e9g\u0171 dekoranyaggal megismerkedni.<\/p>\n<p style=\"text-align: center;\">Munk\u00e1m folyam\u00e1n k\u00fcl\u00f6nleges hangs\u00falyt fektetek arra, hogy minden dekorfalam kiv\u00e1l\u00f3 min\u0151s\u00e9gben \u00e9s az \u00fcgyf\u00e9l elk\u00e9pzel\u00e9se szerint k\u00e9sz\u00fclj\u00f6n el. <br>Profilom soksz\u00edn\u0171s\u00e9ge a letisztult \u00e9s egyszer\u0171 dekorfalak elk\u00e9sz\u00edt\u00e9s\u00e9t\u0151l eg\u00e9szen a struktur\u00e1lt, vagy m\u00e1rv\u00e1ny fel\u00fcletek megteremt\u00e9s\u00e9ig terjed. Minden egyes projektben arra t\u00f6rekszem, hogy a megrendel\u0151 elk\u00e9pzel\u00e9seinek \u00e9s az adott t\u00e9r ig\u00e9nyeinek megfelel\u0151 dekor\u00e1ci\u00f3t hozzak l\u00e9tre.<\/p>\n<p style=\"text-align: center;\">\u00d6r\u00f6m\u00f6mre szolg\u00e1l, ha seg\u00edthetek abban, hogy otthonod vagy \u00fczleted k\u00fcl\u00f6nleges \u00e9s exkluz\u00edv l\u00e9gk\u00f6rt \u00e1rasszon. Ha b\u00e1rmilyen k\u00e9rd\u00e9sed van, vagy szeretn\u00e9l egyedi dekorfalat, ne habozz kapcsolatba l\u00e9pni velem.<\/p>\n<p style=\"text-align: center;\">K\u00f6sz\u00f6n\u00f6m, hogy megl\u00e1togattad weboldalam, \u00e9s v\u00e1rom a lehet\u0151s\u00e9get, hogy \u00e1lmaid dekorfal\u00e1t l\u00e9trehozhassam Neked!<\/p>\t\t\t\t\t\t\t\t<\/div>\n\t\t\t\t<\/div>\n\t\t\t\t\t<\/div>\n\t\t\t\t<\/div>\n\t\t<div class=\"elementor-element elementor-element-1e7d812 e-flex e-con-boxed wpr-particle-no wpr-jarallax-no wpr-parallax-no wpr-sticky-section-no wpr-equal-height-no e-con e-parent\" data-id=\"1e7d812\" data-element_type=\"container\" data-e-type=\"container\">\n\t\t\t\t\t<div class=\"e-con-inner\">\n\t\t\t\t<div class=\"elementor-element elementor-element-a51c399 elementor-widget elementor-widget-image\" data-id=\"a51c399\" data-element_type=\"widget\" data-e-type=\"widget\" data-widget_type=\"image.default\">\n\t\t\t\t<div class=\"elementor-widget-container\">\n\t\t\t\t\t\t\t\t\t\t\t\t\t\t\t<img fetchpriority=\"high\" decoding=\"async\" width=\"929\" height=\"281\" src=\"https:\/\/dekorfal-btw.hu\/wp-content\/uploads\/2024\/01\/PSX_20240111_090114.png\" class=\"attachment-full size-full wp-image-592\" alt=\"\" srcset=\"https:\/\/dekorfal-btw.hu\/wp-content\/uploads\/2024\/01\/PSX_20240111_090114.png 929w, https:\/\/dekorfal-btw.hu\/wp-content\/uploads\/2024\/01\/PSX_20240111_090114-300x91.png 300w, https:\/\/dekorfal-btw.hu\/wp-content\/uploads\/2024\/01\/PSX_20240111_090114-768x232.png 768w\" sizes=\"(max-width: 929px) 100vw, 929px\" \/>\t\t\t\t\t\t\t\t\t\t\t\t\t\t\t<\/div>\n\t\t\t\t<\/div>\n\t\t\t\t\t<\/div>\n\t\t\t\t<\/div>\n\t\t\t\t<\/div>\n\t\t","protected":false},"excerpt":{"rendered":"<p>Els\u0151sorban dekorfalak tervez\u00e9s\u00e9vel \u00e9s kivitelez\u00e9se foglalkozom. Mindig is vonzottak az egyedi atmoszf\u00e9r\u00e1j\u00fa otthonok, illetve azok megteremt\u00e9se. \u00c9vekkel ezel\u0151tt egy saj\u00e1t \u00e9p\u00edtkez\u00e9s\u00fcnk sor\u00e1n szembes\u00fclt\u00fcnk azzal a kih\u00edv\u00e1ssal, hogy a fest\u0151 nem tudta megteremteni azt a min\u0151s\u00e9get \u00e9s megjelen\u00e9st, amit elk\u00e9pzelt\u00fcnk dekorfalunk sz\u00e1m\u00e1ra. Ez a csal\u00f3d\u00e1s ind\u00edtott el azon az \u00faton, hogy megismerjem \u00e9s megtanuljam, hogyan lehet kiv\u00e1l\u00f3 min\u0151s\u00e9g\u0171 \u00e9s leny\u0171g\u00f6z\u0151 megjelen\u00e9s\u0171 egyedi dekorfalakat l\u00e9trehozni. Hossz\u00fa \u00e9s elk\u00f6telezett tanul\u00e1s sor\u00e1n lehet\u0151s\u00e9gem ny\u00edlt a legkiv\u00e1l\u00f3bb hazai dekorfalk\u00e9sz\u00edt\u0151kt\u0151l tanulni \u00e9s sz\u00e1mos kiv\u00e1l\u00f3 min\u0151s\u00e9g\u0171 dekoranyaggal megismerkedni. Munk\u00e1m folyam\u00e1n k\u00fcl\u00f6nleges hangs\u00falyt fektetek arra, hogy minden dekorfalam kiv\u00e1l\u00f3 min\u0151s\u00e9gben \u00e9s az \u00fcgyf\u00e9l elk\u00e9pzel\u00e9se szerint k\u00e9sz\u00fclj\u00f6n el. Profilom soksz\u00edn\u0171s\u00e9ge a letisztult \u00e9s egyszer\u0171 dekorfalak elk\u00e9sz\u00edt\u00e9s\u00e9t\u0151l eg\u00e9szen a struktur\u00e1lt, vagy m\u00e1rv\u00e1ny fel\u00fcletek megteremt\u00e9s\u00e9ig terjed. Minden egyes projektben arra t\u00f6rekszem, hogy a megrendel\u0151 elk\u00e9pzel\u00e9seinek \u00e9s az adott t\u00e9r ig\u00e9nyeinek megfelel\u0151 dekor\u00e1ci\u00f3t hozzak l\u00e9tre. \u00d6r\u00f6m\u00f6mre szolg\u00e1l, ha seg\u00edthetek abban, hogy otthonod vagy \u00fczleted k\u00fcl\u00f6nleges \u00e9s exkluz\u00edv l\u00e9gk\u00f6rt \u00e1rasszon. Ha b\u00e1rmilyen k\u00e9rd\u00e9sed van, vagy szeretn\u00e9l egyedi dekorfalat, ne habozz kapcsolatba l\u00e9pni velem. K\u00f6sz\u00f6n\u00f6m, hogy megl\u00e1togattad weboldalam, \u00e9s v\u00e1rom a lehet\u0151s\u00e9get, hogy \u00e1lmaid dekorfal\u00e1t l\u00e9trehozhassam Neked!<\/p>\n","protected":false},"author":1,"featured_media":65,"parent":0,"menu_order":0,"comment_status":"closed","ping_status":"closed","template":"elementor_theme","meta":{"footnotes":""},"class_list":["post-149","page","type-page","status-publish","has-post-thumbnail","hentry"],"_links":{"self":[{"href":"https:\/\/dekorfal-btw.hu\/index.php?rest_route=\/wp\/v2\/pages\/149","targetHints":{"allow":["GET"]}}],"collection":[{"href":"https:\/\/dekorfal-btw.hu\/index.php?rest_route=\/wp\/v2\/pages"}],"about":[{"href":"https:\/\/dekorfal-btw.hu\/index.php?rest_route=\/wp\/v2\/types\/page"}],"author":[{"embeddable":true,"href":"https:\/\/dekorfal-btw.hu\/index.php?rest_route=\/wp\/v2\/users\/1"}],"replies":[{"embeddable":true,"href":"https:\/\/dekorfal-btw.hu\/index.php?rest_route=%2Fwp%2Fv2%2Fcomments&post=149"}],"version-history":[{"count":43,"href":"https:\/\/dekorfal-btw.hu\/index.php?rest_route=\/wp\/v2\/pages\/149\/revisions"}],"predecessor-version":[{"id":595,"href":"https:\/\/dekorfal-btw.hu\/index.php?rest_route=\/wp\/v2\/pages\/149\/revisions\/595"}],"wp:featuredmedia":[{"embeddable":true,"href":"https:\/\/dekorfal-btw.hu\/index.php?rest_route=\/wp\/v2\/media\/65"}],"wp:attachment":[{"href":"https:\/\/dekorfal-btw.hu\/index.php?rest_route=%2Fwp%2Fv2%2Fmedia&parent=149"}],"curies":[{"name":"wp","href":"https:\/\/api.w.org\/{rel}","templated":true}]}}