{"id":19,"date":"2024-01-09T21:06:09","date_gmt":"2024-01-09T21:06:09","guid":{"rendered":"https:\/\/zap546582-1.plesk07.zap-webspace.com\/?page_id=19"},"modified":"2024-01-10T20:50:56","modified_gmt":"2024-01-10T19:50:56","slug":"dekorkepek","status":"publish","type":"page","link":"https:\/\/dekorfal-btw.hu\/?page_id=19","title":{"rendered":"Dekork\u00e9pek"},"content":{"rendered":"\t\t<div data-elementor-type=\"wp-page\" data-elementor-id=\"19\" class=\"elementor elementor-19\">\n\t\t\t\t<div class=\"elementor-element elementor-element-5ddb287 e-flex e-con-boxed wpr-particle-no wpr-jarallax-no wpr-parallax-no wpr-sticky-section-no wpr-equal-height-no e-con e-parent\" data-id=\"5ddb287\" data-element_type=\"container\" data-e-type=\"container\">\n\t\t\t\t\t<div class=\"e-con-inner\">\n\t\t\t\t<div class=\"elementor-element elementor-element-52bd9fa elementor-widget elementor-widget-spacer\" data-id=\"52bd9fa\" data-element_type=\"widget\" data-e-type=\"widget\" data-widget_type=\"spacer.default\">\n\t\t\t\t<div class=\"elementor-widget-container\">\n\t\t\t\t\t\t\t<div class=\"elementor-spacer\">\n\t\t\t<div class=\"elementor-spacer-inner\"><\/div>\n\t\t<\/div>\n\t\t\t\t\t\t<\/div>\n\t\t\t\t<\/div>\n\t\t\t\t<div class=\"elementor-element elementor-element-df4d82d elementor-widget elementor-widget-text-editor\" data-id=\"df4d82d\" data-element_type=\"widget\" data-e-type=\"widget\" data-widget_type=\"text-editor.default\">\n\t\t\t\t<div class=\"elementor-widget-container\">\n\t\t\t\t\t\t\t\t\t<p style=\"text-align: center;\">Dekork\u00e9peim ugyanazzal a technol\u00f3gi\u00e1val k\u00e9sz\u00fclnek, mint a dekorfalak \u00e9s a tart\u00f3ss\u00e1g \u00e9rdek\u00e9ben fa lapra ker\u00fclnek. Ez a megold\u00e1s biztos\u00edtja, hogy az alkot\u00e1sok hossz\u00fa id\u0151n kereszt\u00fcl meg\u0151rizz\u00e9k eredeti form\u00e1jukat \u00e9s eszt\u00e9tik\u00e1jukat.<\/p><p style=\"text-align: center;\">A k\u00fcl\u00f6nb\u00f6z\u0151 dekoranyagok haszn\u00e1lat\u00e1val elt\u00e9r\u0151 strukt\u00far\u00e1j\u00fa k\u00e9peket tudok l\u00e9trehozni, amely minden esetben egyedi 3D hat\u00e1st \u00e9s textur\u00e1t eredm\u00e9nyez.<\/p><h6 style=\"text-align: center;\"><u>Ki\u00e1ll\u00edt\u00e1sok, megjelen\u00e9sek:<\/u><\/h6><ul><li>K-Gal\u00e9ria M\u0171v\u00e9szterem: https:\/\/www.muveszterem.hu\/hu_hu\/muveszek\/muvesz_neve-sujto-krisztina-beyond-the-wall-faldekoracio\/<\/li><li>2023. augusztus &#8211;\u00a0I. M\u0171v\u00e9szTerem Tehets\u00e9gkutat\u00f3 P\u00e1ly\u00e1zat \u2013 ETELE Pl\u00e1za<\/li><li>2023. december &#8211; Adventi k\u00e9pz\u0151m\u0171v\u00e9szeti ki\u00e1ll\u00edt\u00e1s \u00e9s v\u00e1s\u00e1r &#8211; Hotel Szarvask\u00fat<\/li><\/ul>\t\t\t\t\t\t\t\t<\/div>\n\t\t\t\t<\/div>\n\t\t\t\t<div class=\"elementor-element elementor-element-9b17f8b elementor-widget__width-initial elementor-align-center elementor-widget-mobile__width-auto elementor-widget elementor-widget-button\" data-id=\"9b17f8b\" data-element_type=\"widget\" data-e-type=\"widget\" data-widget_type=\"button.default\">\n\t\t\t\t<div class=\"elementor-widget-container\">\n\t\t\t\t\t\t\t\t\t<div class=\"elementor-button-wrapper\">\n\t\t\t\t\t<a class=\"elementor-button elementor-button-link elementor-size-sm elementor-animation-grow\" href=\"https:\/\/www.meska.hu\/shop\/BeyondTheWall\">\n\t\t\t\t\t\t<span class=\"elementor-button-content-wrapper\">\n\t\t\t\t\t\t<span class=\"elementor-button-icon\">\n\t\t\t\t<svg aria-hidden=\"true\" class=\"e-font-icon-svg e-fas-shopping-cart\" viewBox=\"0 0 576 512\" xmlns=\"http:\/\/www.w3.org\/2000\/svg\"><path d=\"M528.12 301.319l47.273-208C578.806 78.301 567.391 64 551.99 64H159.208l-9.166-44.81C147.758 8.021 137.93 0 126.529 0H24C10.745 0 0 10.745 0 24v16c0 13.255 10.745 24 24 24h69.883l70.248 343.435C147.325 417.1 136 435.222 136 456c0 30.928 25.072 56 56 56s56-25.072 56-56c0-15.674-6.447-29.835-16.824-40h209.647C430.447 426.165 424 440.326 424 456c0 30.928 25.072 56 56 56s56-25.072 56-56c0-22.172-12.888-41.332-31.579-50.405l5.517-24.276c3.413-15.018-8.002-29.319-23.403-29.319H218.117l-6.545-32h293.145c11.206 0 20.92-7.754 23.403-18.681z\"><\/path><\/svg>\t\t\t<\/span>\n\t\t\t\t\t\t\t\t\t<span class=\"elementor-button-text\">El\u00e9rhet\u0151 k\u00e9peim<\/span>\n\t\t\t\t\t<\/span>\n\t\t\t\t\t<\/a>\n\t\t\t\t<\/div>\n\t\t\t\t\t\t\t\t<\/div>\n\t\t\t\t<\/div>\n\t\t\t\t<div class=\"elementor-element elementor-element-46e71d3 elementor-widget elementor-widget-image-gallery\" data-id=\"46e71d3\" data-element_type=\"widget\" data-e-type=\"widget\" data-widget_type=\"image-gallery.default\">\n\t\t\t\t<div class=\"elementor-widget-container\">\n\t\t\t\t\t\t\t<div class=\"elementor-image-gallery\">\n\t\t\t<div id='gallery-1' class='gallery galleryid-19 gallery-columns-7 gallery-size-thumbnail'><figure class='gallery-item'>\n\t\t\t<div class='gallery-icon landscape'>\n\t\t\t\t<a data-elementor-open-lightbox=\"yes\" data-elementor-lightbox-slideshow=\"46e71d3\" data-e-action-hash=\"#elementor-action%3Aaction%3Dlightbox%26settings%3DeyJpZCI6NjcsInVybCI6Imh0dHBzOlwvXC9kZWtvcmZhbC1idHcuaHVcL3dwLWNvbnRlbnRcL3VwbG9hZHNcLzIwMjNcLzEyXC8zNDc0MjQ2MzRfNTY5MjI0MzU4NDYwNTI2XzI1NDMwNTcxODIwNjkzOTkwM19uLmpwZyIsInNsaWRlc2hvdyI6IjQ2ZTcxZDMifQ%3D%3D\" href='https:\/\/dekorfal-btw.hu\/wp-content\/uploads\/2023\/12\/347424634_569224358460526_254305718206939903_n.jpg'><img decoding=\"async\" width=\"150\" height=\"150\" src=\"https:\/\/dekorfal-btw.hu\/wp-content\/uploads\/2023\/12\/347424634_569224358460526_254305718206939903_n-150x150.jpg\" class=\"attachment-thumbnail size-thumbnail\" alt=\"\" srcset=\"https:\/\/dekorfal-btw.hu\/wp-content\/uploads\/2023\/12\/347424634_569224358460526_254305718206939903_n-150x150.jpg 150w, https:\/\/dekorfal-btw.hu\/wp-content\/uploads\/2023\/12\/347424634_569224358460526_254305718206939903_n-300x300.jpg 300w, https:\/\/dekorfal-btw.hu\/wp-content\/uploads\/2023\/12\/347424634_569224358460526_254305718206939903_n-1024x1024.jpg 1024w, https:\/\/dekorfal-btw.hu\/wp-content\/uploads\/2023\/12\/347424634_569224358460526_254305718206939903_n-768x768.jpg 768w, https:\/\/dekorfal-btw.hu\/wp-content\/uploads\/2023\/12\/347424634_569224358460526_254305718206939903_n.jpg 1440w\" sizes=\"(max-width: 150px) 100vw, 150px\" \/><\/a>\n\t\t\t<\/div><\/figure><figure class='gallery-item'>\n\t\t\t<div class='gallery-icon landscape'>\n\t\t\t\t<a data-elementor-open-lightbox=\"yes\" data-elementor-lightbox-slideshow=\"46e71d3\" data-e-action-hash=\"#elementor-action%3Aaction%3Dlightbox%26settings%3DeyJpZCI6NjgsInVybCI6Imh0dHBzOlwvXC9kZWtvcmZhbC1idHcuaHVcL3dwLWNvbnRlbnRcL3VwbG9hZHNcLzIwMjNcLzEyXC9rb2xpYnJpLW5hZ3kta2VwLXNjYWxlZC5qcGciLCJzbGlkZXNob3ciOiI0NmU3MWQzIn0%3D\" href='https:\/\/dekorfal-btw.hu\/wp-content\/uploads\/2023\/12\/kolibri-nagy-kep-scaled.jpg'><img decoding=\"async\" width=\"150\" height=\"150\" src=\"https:\/\/dekorfal-btw.hu\/wp-content\/uploads\/2023\/12\/kolibri-nagy-kep-150x150.jpg\" class=\"attachment-thumbnail size-thumbnail\" alt=\"\" \/><\/a>\n\t\t\t<\/div><\/figure><figure class='gallery-item'>\n\t\t\t<div class='gallery-icon landscape'>\n\t\t\t\t<a data-elementor-open-lightbox=\"yes\" data-elementor-lightbox-slideshow=\"46e71d3\" data-e-action-hash=\"#elementor-action%3Aaction%3Dlightbox%26settings%3DeyJpZCI6NzMsInVybCI6Imh0dHBzOlwvXC9kZWtvcmZhbC1idHcuaHVcL3dwLWNvbnRlbnRcL3VwbG9hZHNcLzIwMjNcLzEyXC9mZWxob2sta2VwLXNjYWxlZC5qcGciLCJzbGlkZXNob3ciOiI0NmU3MWQzIn0%3D\" href='https:\/\/dekorfal-btw.hu\/wp-content\/uploads\/2023\/12\/felhok-kep-scaled.jpg'><img decoding=\"async\" width=\"150\" height=\"150\" src=\"https:\/\/dekorfal-btw.hu\/wp-content\/uploads\/2023\/12\/felhok-kep-150x150.jpg\" class=\"attachment-thumbnail size-thumbnail\" alt=\"\" \/><\/a>\n\t\t\t<\/div><\/figure><figure class='gallery-item'>\n\t\t\t<div class='gallery-icon landscape'>\n\t\t\t\t<a data-elementor-open-lightbox=\"yes\" data-elementor-lightbox-slideshow=\"46e71d3\" data-e-action-hash=\"#elementor-action%3Aaction%3Dlightbox%26settings%3DeyJpZCI6NzQsInVybCI6Imh0dHBzOlwvXC9kZWtvcmZhbC1idHcuaHVcL3dwLWNvbnRlbnRcL3VwbG9hZHNcLzIwMjNcLzEyXC92ZWd0ZWxlbi1rZXAtc2NhbGVkLmpwZyIsInNsaWRlc2hvdyI6IjQ2ZTcxZDMifQ%3D%3D\" href='https:\/\/dekorfal-btw.hu\/wp-content\/uploads\/2023\/12\/vegtelen-kep-scaled.jpg'><img loading=\"lazy\" decoding=\"async\" width=\"150\" height=\"150\" src=\"https:\/\/dekorfal-btw.hu\/wp-content\/uploads\/2023\/12\/vegtelen-kep-150x150.jpg\" class=\"attachment-thumbnail size-thumbnail\" alt=\"\" \/><\/a>\n\t\t\t<\/div><\/figure><figure class='gallery-item'>\n\t\t\t<div class='gallery-icon landscape'>\n\t\t\t\t<a data-elementor-open-lightbox=\"yes\" data-elementor-lightbox-slideshow=\"46e71d3\" data-e-action-hash=\"#elementor-action%3Aaction%3Dlightbox%26settings%3DeyJpZCI6NzgsInVybCI6Imh0dHBzOlwvXC9kZWtvcmZhbC1idHcuaHVcL3dwLWNvbnRlbnRcL3VwbG9hZHNcLzIwMjNcLzEyXC9IYXJsZXktUXVlbm4tcGljdHVyZS1zY2FsZWQuanBnIiwic2xpZGVzaG93IjoiNDZlNzFkMyJ9\" href='https:\/\/dekorfal-btw.hu\/wp-content\/uploads\/2023\/12\/Harley-Quenn-picture-scaled.jpg'><img loading=\"lazy\" decoding=\"async\" width=\"150\" height=\"150\" src=\"https:\/\/dekorfal-btw.hu\/wp-content\/uploads\/2023\/12\/Harley-Quenn-picture-150x150.jpg\" class=\"attachment-thumbnail size-thumbnail\" alt=\"\" \/><\/a>\n\t\t\t<\/div><\/figure><figure class='gallery-item'>\n\t\t\t<div class='gallery-icon landscape'>\n\t\t\t\t<a data-elementor-open-lightbox=\"yes\" data-elementor-lightbox-slideshow=\"46e71d3\" data-e-action-hash=\"#elementor-action%3Aaction%3Dlightbox%26settings%3DeyJpZCI6OTIsInVybCI6Imh0dHBzOlwvXC9kZWtvcmZhbC1idHcuaHVcL3dwLWNvbnRlbnRcL3VwbG9hZHNcLzIwMjNcLzEyXC9Hb2xkZW4tYmVhdC5qcGciLCJzbGlkZXNob3ciOiI0NmU3MWQzIn0%3D\" href='https:\/\/dekorfal-btw.hu\/wp-content\/uploads\/2023\/12\/Golden-beat.jpg'><img loading=\"lazy\" decoding=\"async\" width=\"150\" height=\"150\" src=\"https:\/\/dekorfal-btw.hu\/wp-content\/uploads\/2023\/12\/Golden-beat-150x150.jpg\" class=\"attachment-thumbnail size-thumbnail\" alt=\"\" \/><\/a>\n\t\t\t<\/div><\/figure><figure class='gallery-item'>\n\t\t\t<div class='gallery-icon landscape'>\n\t\t\t\t<a data-elementor-open-lightbox=\"yes\" data-elementor-lightbox-slideshow=\"46e71d3\" data-e-action-hash=\"#elementor-action%3Aaction%3Dlightbox%26settings%3DeyJpZCI6OTMsInVybCI6Imh0dHBzOlwvXC9kZWtvcmZhbC1idHcuaHVcL3dwLWNvbnRlbnRcL3VwbG9hZHNcLzIwMjNcLzEyXC9tYW5kYWxhMi5qcGciLCJzbGlkZXNob3ciOiI0NmU3MWQzIn0%3D\" href='https:\/\/dekorfal-btw.hu\/wp-content\/uploads\/2023\/12\/mandala2.jpg'><img loading=\"lazy\" decoding=\"async\" width=\"150\" height=\"150\" src=\"https:\/\/dekorfal-btw.hu\/wp-content\/uploads\/2023\/12\/mandala2-150x150.jpg\" class=\"attachment-thumbnail size-thumbnail\" alt=\"\" \/><\/a>\n\t\t\t<\/div><\/figure><figure class='gallery-item'>\n\t\t\t<div class='gallery-icon landscape'>\n\t\t\t\t<a data-elementor-open-lightbox=\"yes\" data-elementor-lightbox-slideshow=\"46e71d3\" data-e-action-hash=\"#elementor-action%3Aaction%3Dlightbox%26settings%3DeyJpZCI6OTQsInVybCI6Imh0dHBzOlwvXC9kZWtvcmZhbC1idHcuaHVcL3dwLWNvbnRlbnRcL3VwbG9hZHNcLzIwMjNcLzEyXC9tYW5kYWxhLmpwZyIsInNsaWRlc2hvdyI6IjQ2ZTcxZDMifQ%3D%3D\" href='https:\/\/dekorfal-btw.hu\/wp-content\/uploads\/2023\/12\/mandala.jpg'><img loading=\"lazy\" decoding=\"async\" width=\"150\" height=\"150\" src=\"https:\/\/dekorfal-btw.hu\/wp-content\/uploads\/2023\/12\/mandala-150x150.jpg\" class=\"attachment-thumbnail size-thumbnail\" alt=\"\" \/><\/a>\n\t\t\t<\/div><\/figure><figure class='gallery-item'>\n\t\t\t<div class='gallery-icon portrait'>\n\t\t\t\t<a data-elementor-open-lightbox=\"yes\" data-elementor-lightbox-slideshow=\"46e71d3\" data-e-action-hash=\"#elementor-action%3Aaction%3Dlightbox%26settings%3DeyJpZCI6OTUsInVybCI6Imh0dHBzOlwvXC9kZWtvcmZhbC1idHcuaHVcL3dwLWNvbnRlbnRcL3VwbG9hZHNcLzIwMjNcLzEyXC8zNDI1MzU5MTRfNjA1NjcwMTU0OTE1MjA4XzQxNTM4MDc1NTYwNjQ5Mjk2NTJfbi5qcGciLCJzbGlkZXNob3ciOiI0NmU3MWQzIn0%3D\" href='https:\/\/dekorfal-btw.hu\/wp-content\/uploads\/2023\/12\/342535914_605670154915208_4153807556064929652_n.jpg'><img loading=\"lazy\" decoding=\"async\" width=\"150\" height=\"150\" src=\"https:\/\/dekorfal-btw.hu\/wp-content\/uploads\/2023\/12\/342535914_605670154915208_4153807556064929652_n-150x150.jpg\" class=\"attachment-thumbnail size-thumbnail\" alt=\"\" \/><\/a>\n\t\t\t<\/div><\/figure><figure class='gallery-item'>\n\t\t\t<div class='gallery-icon landscape'>\n\t\t\t\t<a data-elementor-open-lightbox=\"yes\" data-elementor-lightbox-slideshow=\"46e71d3\" data-e-action-hash=\"#elementor-action%3Aaction%3Dlightbox%26settings%3DeyJpZCI6OTYsInVybCI6Imh0dHBzOlwvXC9kZWtvcmZhbC1idHcuaHVcL3dwLWNvbnRlbnRcL3VwbG9hZHNcLzIwMjNcLzEyXC9TaHV0dGVyc3RvY2tfMTkyMjgyOTg5MC0xLXNjYWxlZC5qcGciLCJzbGlkZXNob3ciOiI0NmU3MWQzIn0%3D\" href='https:\/\/dekorfal-btw.hu\/wp-content\/uploads\/2023\/12\/Shutterstock_1922829890-1-scaled.jpg'><img loading=\"lazy\" decoding=\"async\" width=\"150\" height=\"150\" src=\"https:\/\/dekorfal-btw.hu\/wp-content\/uploads\/2023\/12\/Shutterstock_1922829890-1-150x150.jpg\" class=\"attachment-thumbnail size-thumbnail\" alt=\"\" \/><\/a>\n\t\t\t<\/div><\/figure><figure class='gallery-item'>\n\t\t\t<div class='gallery-icon landscape'>\n\t\t\t\t<a data-elementor-open-lightbox=\"yes\" data-elementor-lightbox-slideshow=\"46e71d3\" data-e-action-hash=\"#elementor-action%3Aaction%3Dlightbox%26settings%3DeyJpZCI6OTcsInVybCI6Imh0dHBzOlwvXC9kZWtvcmZhbC1idHcuaHVcL3dwLWNvbnRlbnRcL3VwbG9hZHNcLzIwMjNcLzEyXC9TaHV0dGVyc3RvY2tfMTY2OTYxNTc0NC0xLXNjYWxlZC5qcGciLCJzbGlkZXNob3ciOiI0NmU3MWQzIn0%3D\" href='https:\/\/dekorfal-btw.hu\/wp-content\/uploads\/2023\/12\/Shutterstock_1669615744-1-scaled.jpg'><img loading=\"lazy\" decoding=\"async\" width=\"150\" height=\"150\" src=\"https:\/\/dekorfal-btw.hu\/wp-content\/uploads\/2023\/12\/Shutterstock_1669615744-1-150x150.jpg\" class=\"attachment-thumbnail size-thumbnail\" alt=\"\" \/><\/a>\n\t\t\t<\/div><\/figure><figure class='gallery-item'>\n\t\t\t<div class='gallery-icon landscape'>\n\t\t\t\t<a data-elementor-open-lightbox=\"yes\" data-elementor-lightbox-slideshow=\"46e71d3\" data-e-action-hash=\"#elementor-action%3Aaction%3Dlightbox%26settings%3DeyJpZCI6OTgsInVybCI6Imh0dHBzOlwvXC9kZWtvcmZhbC1idHcuaHVcL3dwLWNvbnRlbnRcL3VwbG9hZHNcLzIwMjNcLzEyXC9MYS1wbGFnZS1zY2FsZWQuanBnIiwic2xpZGVzaG93IjoiNDZlNzFkMyJ9\" href='https:\/\/dekorfal-btw.hu\/wp-content\/uploads\/2023\/12\/La-plage-scaled.jpg'><img loading=\"lazy\" decoding=\"async\" width=\"150\" height=\"150\" src=\"https:\/\/dekorfal-btw.hu\/wp-content\/uploads\/2023\/12\/La-plage-150x150.jpg\" class=\"attachment-thumbnail size-thumbnail\" alt=\"\" srcset=\"https:\/\/dekorfal-btw.hu\/wp-content\/uploads\/2023\/12\/La-plage-150x150.jpg 150w, https:\/\/dekorfal-btw.hu\/wp-content\/uploads\/2023\/12\/La-plage-300x300.jpg 300w, https:\/\/dekorfal-btw.hu\/wp-content\/uploads\/2023\/12\/La-plage-1024x1024.jpg 1024w, https:\/\/dekorfal-btw.hu\/wp-content\/uploads\/2023\/12\/La-plage-768x768.jpg 768w, https:\/\/dekorfal-btw.hu\/wp-content\/uploads\/2023\/12\/La-plage-1536x1536.jpg 1536w, https:\/\/dekorfal-btw.hu\/wp-content\/uploads\/2023\/12\/La-plage-2048x2048.jpg 2048w\" sizes=\"(max-width: 150px) 100vw, 150px\" \/><\/a>\n\t\t\t<\/div><\/figure><figure class='gallery-item'>\n\t\t\t<div class='gallery-icon landscape'>\n\t\t\t\t<a data-elementor-open-lightbox=\"yes\" data-elementor-lightbox-slideshow=\"46e71d3\" data-e-action-hash=\"#elementor-action%3Aaction%3Dlightbox%26settings%3DeyJpZCI6OTksInVybCI6Imh0dHBzOlwvXC9kZWtvcmZhbC1idHcuaHVcL3dwLWNvbnRlbnRcL3VwbG9hZHNcLzIwMjNcLzEyXC9UaGUtcm9zZWdvbGQuanBnIiwic2xpZGVzaG93IjoiNDZlNzFkMyJ9\" href='https:\/\/dekorfal-btw.hu\/wp-content\/uploads\/2023\/12\/The-rosegold.jpg'><img loading=\"lazy\" decoding=\"async\" width=\"150\" height=\"150\" src=\"https:\/\/dekorfal-btw.hu\/wp-content\/uploads\/2023\/12\/The-rosegold-150x150.jpg\" class=\"attachment-thumbnail size-thumbnail\" alt=\"\" \/><\/a>\n\t\t\t<\/div><\/figure><figure class='gallery-item'>\n\t\t\t<div class='gallery-icon landscape'>\n\t\t\t\t<a data-elementor-open-lightbox=\"yes\" data-elementor-lightbox-slideshow=\"46e71d3\" data-e-action-hash=\"#elementor-action%3Aaction%3Dlightbox%26settings%3DeyJpZCI6MTAwLCJ1cmwiOiJodHRwczpcL1wvZGVrb3JmYWwtYnR3Lmh1XC93cC1jb250ZW50XC91cGxvYWRzXC8yMDIzXC8xMlwvSU1HXzIwMjMwNzAzXzEzNDIyMy5qcGciLCJzbGlkZXNob3ciOiI0NmU3MWQzIn0%3D\" href='https:\/\/dekorfal-btw.hu\/wp-content\/uploads\/2023\/12\/IMG_20230703_134223.jpg'><img loading=\"lazy\" decoding=\"async\" width=\"150\" height=\"150\" src=\"https:\/\/dekorfal-btw.hu\/wp-content\/uploads\/2023\/12\/IMG_20230703_134223-150x150.jpg\" class=\"attachment-thumbnail size-thumbnail\" alt=\"\" \/><\/a>\n\t\t\t<\/div><\/figure><figure class='gallery-item'>\n\t\t\t<div class='gallery-icon landscape'>\n\t\t\t\t<a data-elementor-open-lightbox=\"yes\" data-elementor-lightbox-slideshow=\"46e71d3\" data-e-action-hash=\"#elementor-action%3Aaction%3Dlightbox%26settings%3DeyJpZCI6MTAxLCJ1cmwiOiJodHRwczpcL1wvZGVrb3JmYWwtYnR3Lmh1XC93cC1jb250ZW50XC91cGxvYWRzXC8yMDIzXC8xMlwvVHdpbGxpZ2h0LXNjYWxlZC5qcGciLCJzbGlkZXNob3ciOiI0NmU3MWQzIn0%3D\" href='https:\/\/dekorfal-btw.hu\/wp-content\/uploads\/2023\/12\/Twillight-scaled.jpg'><img loading=\"lazy\" decoding=\"async\" width=\"150\" height=\"150\" src=\"https:\/\/dekorfal-btw.hu\/wp-content\/uploads\/2023\/12\/Twillight-150x150.jpg\" class=\"attachment-thumbnail size-thumbnail\" alt=\"\" \/><\/a>\n\t\t\t<\/div><\/figure><figure class='gallery-item'>\n\t\t\t<div class='gallery-icon landscape'>\n\t\t\t\t<a data-elementor-open-lightbox=\"yes\" data-elementor-lightbox-slideshow=\"46e71d3\" data-e-action-hash=\"#elementor-action%3Aaction%3Dlightbox%26settings%3DeyJpZCI6MTAyLCJ1cmwiOiJodHRwczpcL1wvZGVrb3JmYWwtYnR3Lmh1XC93cC1jb250ZW50XC91cGxvYWRzXC8yMDIzXC8xMlwvTmFwbGVtZW50ZTItc2NhbGVkLmpwZyIsInNsaWRlc2hvdyI6IjQ2ZTcxZDMifQ%3D%3D\" href='https:\/\/dekorfal-btw.hu\/wp-content\/uploads\/2023\/12\/Naplemente2-scaled.jpg'><img loading=\"lazy\" decoding=\"async\" width=\"150\" height=\"150\" src=\"https:\/\/dekorfal-btw.hu\/wp-content\/uploads\/2023\/12\/Naplemente2-150x150.jpg\" class=\"attachment-thumbnail size-thumbnail\" alt=\"\" \/><\/a>\n\t\t\t<\/div><\/figure><figure class='gallery-item'>\n\t\t\t<div class='gallery-icon portrait'>\n\t\t\t\t<a data-elementor-open-lightbox=\"yes\" data-elementor-lightbox-slideshow=\"46e71d3\" data-e-action-hash=\"#elementor-action%3Aaction%3Dlightbox%26settings%3DeyJpZCI6MTAzLCJ1cmwiOiJodHRwczpcL1wvZGVrb3JmYWwtYnR3Lmh1XC93cC1jb250ZW50XC91cGxvYWRzXC8yMDIzXC8xMlwvbW9vbi1zY2FsZWQuanBnIiwic2xpZGVzaG93IjoiNDZlNzFkMyJ9\" href='https:\/\/dekorfal-btw.hu\/wp-content\/uploads\/2023\/12\/moon-scaled.jpg'><img loading=\"lazy\" decoding=\"async\" width=\"150\" height=\"150\" src=\"https:\/\/dekorfal-btw.hu\/wp-content\/uploads\/2023\/12\/moon-150x150.jpg\" class=\"attachment-thumbnail size-thumbnail\" alt=\"\" \/><\/a>\n\t\t\t<\/div><\/figure><figure class='gallery-item'>\n\t\t\t<div class='gallery-icon landscape'>\n\t\t\t\t<a data-elementor-open-lightbox=\"yes\" data-elementor-lightbox-slideshow=\"46e71d3\" data-e-action-hash=\"#elementor-action%3Aaction%3Dlightbox%26settings%3DeyJpZCI6MTA0LCJ1cmwiOiJodHRwczpcL1wvZGVrb3JmYWwtYnR3Lmh1XC93cC1jb250ZW50XC91cGxvYWRzXC8yMDIzXC8xMlwvTWljaGFlbC1qYWNrc29uMi1zY2FsZWQuanBnIiwic2xpZGVzaG93IjoiNDZlNzFkMyJ9\" href='https:\/\/dekorfal-btw.hu\/wp-content\/uploads\/2023\/12\/Michael-jackson2-scaled.jpg'><img loading=\"lazy\" decoding=\"async\" width=\"150\" height=\"150\" src=\"https:\/\/dekorfal-btw.hu\/wp-content\/uploads\/2023\/12\/Michael-jackson2-150x150.jpg\" class=\"attachment-thumbnail size-thumbnail\" alt=\"\" \/><\/a>\n\t\t\t<\/div><\/figure><figure class='gallery-item'>\n\t\t\t<div class='gallery-icon landscape'>\n\t\t\t\t<a data-elementor-open-lightbox=\"yes\" data-elementor-lightbox-slideshow=\"46e71d3\" data-e-action-hash=\"#elementor-action%3Aaction%3Dlightbox%26settings%3DeyJpZCI6MTA1LCJ1cmwiOiJodHRwczpcL1wvZGVrb3JmYWwtYnR3Lmh1XC93cC1jb250ZW50XC91cGxvYWRzXC8yMDIzXC8xMlwvSG9yc2VzLTItc2NhbGVkLmpwZyIsInNsaWRlc2hvdyI6IjQ2ZTcxZDMifQ%3D%3D\" href='https:\/\/dekorfal-btw.hu\/wp-content\/uploads\/2023\/12\/Horses-2-scaled.jpg'><img loading=\"lazy\" decoding=\"async\" width=\"150\" height=\"150\" src=\"https:\/\/dekorfal-btw.hu\/wp-content\/uploads\/2023\/12\/Horses-2-150x150.jpg\" class=\"attachment-thumbnail size-thumbnail\" alt=\"\" \/><\/a>\n\t\t\t<\/div><\/figure><figure class='gallery-item'>\n\t\t\t<div class='gallery-icon landscape'>\n\t\t\t\t<a data-elementor-open-lightbox=\"yes\" data-elementor-lightbox-slideshow=\"46e71d3\" data-e-action-hash=\"#elementor-action%3Aaction%3Dlightbox%26settings%3DeyJpZCI6MTA2LCJ1cmwiOiJodHRwczpcL1wvZGVrb3JmYWwtYnR3Lmh1XC93cC1jb250ZW50XC91cGxvYWRzXC8yMDIzXC8xMlwvU2h1dHRlcnN0b2NrXzIzMTU5NzIxNzUtMS1zY2FsZWQtZTE3MDM5NTA0MTA2OTkuanBnIiwic2xpZGVzaG93IjoiNDZlNzFkMyJ9\" href='https:\/\/dekorfal-btw.hu\/wp-content\/uploads\/2023\/12\/Shutterstock_2315972175-1-scaled-e1703950410699.jpg'><img loading=\"lazy\" decoding=\"async\" width=\"150\" height=\"150\" src=\"https:\/\/dekorfal-btw.hu\/wp-content\/uploads\/2023\/12\/Shutterstock_2315972175-1-scaled-e1703950410699-150x150.jpg\" class=\"attachment-thumbnail size-thumbnail\" alt=\"\" \/><\/a>\n\t\t\t<\/div><\/figure><figure class='gallery-item'>\n\t\t\t<div class='gallery-icon landscape'>\n\t\t\t\t<a data-elementor-open-lightbox=\"yes\" data-elementor-lightbox-slideshow=\"46e71d3\" data-e-action-hash=\"#elementor-action%3Aaction%3Dlightbox%26settings%3DeyJpZCI6NDksInVybCI6Imh0dHBzOlwvXC9kZWtvcmZhbC1idHcuaHVcL3dwLWNvbnRlbnRcL3VwbG9hZHNcLzIwMjNcLzEyXC9HbGVkaXMtb24tdGhlLXdhbGwtZWRpdGVkLXNjYWxlZC1lMTcwMzg1MzU5Mzc0MC5qcGciLCJzbGlkZXNob3ciOiI0NmU3MWQzIn0%3D\" href='https:\/\/dekorfal-btw.hu\/wp-content\/uploads\/2023\/12\/Gledis-on-the-wall-edited-scaled-e1703853593740.jpg'><img loading=\"lazy\" decoding=\"async\" width=\"150\" height=\"150\" src=\"https:\/\/dekorfal-btw.hu\/wp-content\/uploads\/2023\/12\/Gledis-on-the-wall-edited-150x150.jpg\" class=\"attachment-thumbnail size-thumbnail\" alt=\"\" srcset=\"https:\/\/dekorfal-btw.hu\/wp-content\/uploads\/2023\/12\/Gledis-on-the-wall-edited-150x150.jpg 150w, https:\/\/dekorfal-btw.hu\/wp-content\/uploads\/2023\/12\/Gledis-on-the-wall-edited-300x300.jpg 300w, https:\/\/dekorfal-btw.hu\/wp-content\/uploads\/2023\/12\/Gledis-on-the-wall-edited-1024x1024.jpg 1024w, https:\/\/dekorfal-btw.hu\/wp-content\/uploads\/2023\/12\/Gledis-on-the-wall-edited-768x768.jpg 768w, https:\/\/dekorfal-btw.hu\/wp-content\/uploads\/2023\/12\/Gledis-on-the-wall-edited-1536x1536.jpg 1536w, https:\/\/dekorfal-btw.hu\/wp-content\/uploads\/2023\/12\/Gledis-on-the-wall-edited-2048x2048.jpg 2048w, https:\/\/dekorfal-btw.hu\/wp-content\/uploads\/2023\/12\/Gledis-on-the-wall-edited-scaled-e1703853593740.jpg 863w\" sizes=\"(max-width: 150px) 100vw, 150px\" \/><\/a>\n\t\t\t<\/div><\/figure>\n\t\t<\/div>\n\t\t<\/div>\n\t\t\t\t\t\t<\/div>\n\t\t\t\t<\/div>\n\t\t\t\t\t<\/div>\n\t\t\t\t<\/div>\n\t\t\t\t<\/div>\n\t\t","protected":false},"excerpt":{"rendered":"<p>Dekork\u00e9peim ugyanazzal a technol\u00f3gi\u00e1val k\u00e9sz\u00fclnek, mint a dekorfalak \u00e9s a tart\u00f3ss\u00e1g \u00e9rdek\u00e9ben fa lapra ker\u00fclnek. Ez a megold\u00e1s biztos\u00edtja, hogy az alkot\u00e1sok hossz\u00fa id\u0151n kereszt\u00fcl meg\u0151rizz\u00e9k eredeti form\u00e1jukat \u00e9s eszt\u00e9tik\u00e1jukat. A k\u00fcl\u00f6nb\u00f6z\u0151 dekoranyagok haszn\u00e1lat\u00e1val elt\u00e9r\u0151 strukt\u00far\u00e1j\u00fa k\u00e9peket tudok l\u00e9trehozni, amely minden esetben egyedi 3D hat\u00e1st \u00e9s textur\u00e1t eredm\u00e9nyez. Ki\u00e1ll\u00edt\u00e1sok, megjelen\u00e9sek: K-Gal\u00e9ria M\u0171v\u00e9szterem: https:\/\/www.muveszterem.hu\/hu_hu\/muveszek\/muvesz_neve-sujto-krisztina-beyond-the-wall-faldekoracio\/ 2023. augusztus &#8211;\u00a0I. M\u0171v\u00e9szTerem Tehets\u00e9gkutat\u00f3 P\u00e1ly\u00e1zat \u2013 ETELE Pl\u00e1za 2023. december &#8211; Adventi k\u00e9pz\u0151m\u0171v\u00e9szeti ki\u00e1ll\u00edt\u00e1s \u00e9s v\u00e1s\u00e1r &#8211; Hotel Szarvask\u00fat El\u00e9rhet\u0151 k\u00e9peim<\/p>\n","protected":false},"author":1,"featured_media":106,"parent":0,"menu_order":0,"comment_status":"closed","ping_status":"closed","template":"elementor_theme","meta":{"footnotes":""},"class_list":["post-19","page","type-page","status-publish","has-post-thumbnail","hentry"],"_links":{"self":[{"href":"https:\/\/dekorfal-btw.hu\/index.php?rest_route=\/wp\/v2\/pages\/19","targetHints":{"allow":["GET"]}}],"collection":[{"href":"https:\/\/dekorfal-btw.hu\/index.php?rest_route=\/wp\/v2\/pages"}],"about":[{"href":"https:\/\/dekorfal-btw.hu\/index.php?rest_route=\/wp\/v2\/types\/page"}],"author":[{"embeddable":true,"href":"https:\/\/dekorfal-btw.hu\/index.php?rest_route=\/wp\/v2\/users\/1"}],"replies":[{"embeddable":true,"href":"https:\/\/dekorfal-btw.hu\/index.php?rest_route=%2Fwp%2Fv2%2Fcomments&post=19"}],"version-history":[{"count":51,"href":"https:\/\/dekorfal-btw.hu\/index.php?rest_route=\/wp\/v2\/pages\/19\/revisions"}],"predecessor-version":[{"id":552,"href":"https:\/\/dekorfal-btw.hu\/index.php?rest_route=\/wp\/v2\/pages\/19\/revisions\/552"}],"wp:featuredmedia":[{"embeddable":true,"href":"https:\/\/dekorfal-btw.hu\/index.php?rest_route=\/wp\/v2\/media\/106"}],"wp:attachment":[{"href":"https:\/\/dekorfal-btw.hu\/index.php?rest_route=%2Fwp%2Fv2%2Fmedia&parent=19"}],"curies":[{"name":"wp","href":"https:\/\/api.w.org\/{rel}","templated":true}]}}