{"id":21,"date":"2024-01-10T21:11:35","date_gmt":"2024-01-10T20:11:35","guid":{"rendered":"https:\/\/zap546582-1.plesk07.zap-webspace.com\/?page_id=21"},"modified":"2024-01-10T21:44:00","modified_gmt":"2024-01-10T20:44:00","slug":"impresszum","status":"publish","type":"page","link":"https:\/\/dekorfal-btw.hu\/?page_id=21","title":{"rendered":"Impresszum"},"content":{"rendered":"\t\t<div data-elementor-type=\"wp-page\" data-elementor-id=\"21\" class=\"elementor elementor-21\">\n\t\t\t\t<div class=\"elementor-element elementor-element-76d6068 e-flex e-con-boxed wpr-particle-no wpr-jarallax-no wpr-parallax-no wpr-sticky-section-no wpr-equal-height-no e-con e-parent\" data-id=\"76d6068\" data-element_type=\"container\" data-e-type=\"container\">\n\t\t\t\t\t<div class=\"e-con-inner\">\n\t\t\t\t<div class=\"elementor-element elementor-element-5ca1113 elementor-widget elementor-widget-text-editor\" data-id=\"5ca1113\" data-element_type=\"widget\" data-e-type=\"widget\" data-widget_type=\"text-editor.default\">\n\t\t\t\t<div class=\"elementor-widget-container\">\n\t\t\t\t\t\t\t\t\t<p><strong>\u00dczemeltet\u0151:<\/strong><\/p>\n<p>Sujt\u00f3 Krisztina<\/p>\n<p>1174 Budapest, L\u00e1nyi Antal utca 19.\/1.<\/p>\n<p>41929708-1-42<\/p>\n<p><strong>T\u00e1rhelyszolg\u00e1ltat\u00f3:\u00a0<\/strong><\/p>\n<p>ZAP-Hosting GmbH &amp; Co. KG<\/p>\n<p>\u00b7 info(at)zap-hosting.com<\/p>\n<p>\u00b7 Krokusweg 9A, 48165 M\u00fcnster<\/p>\n<p>\u00b7 VAT ID: DE 301569730<\/p>\t\t\t\t\t\t\t\t<\/div>\n\t\t\t\t<\/div>\n\t\t\t\t\t<\/div>\n\t\t\t\t<\/div>\n\t\t\t\t<\/div>\n\t\t","protected":false},"excerpt":{"rendered":"<p>\u00dczemeltet\u0151: Sujt\u00f3 Krisztina 1174 Budapest, L\u00e1nyi Antal utca 19.\/1. 41929708-1-42 T\u00e1rhelyszolg\u00e1ltat\u00f3:\u00a0 ZAP-Hosting GmbH &amp; Co. KG \u00b7 info(at)zap-hosting.com \u00b7 Krokusweg 9A, 48165 M\u00fcnster \u00b7 VAT ID: DE 301569730<\/p>\n","protected":false},"author":1,"featured_media":0,"parent":0,"menu_order":0,"comment_status":"closed","ping_status":"closed","template":"elementor_theme","meta":{"footnotes":""},"class_list":["post-21","page","type-page","status-publish","hentry"],"_links":{"self":[{"href":"https:\/\/dekorfal-btw.hu\/index.php?rest_route=\/wp\/v2\/pages\/21","targetHints":{"allow":["GET"]}}],"collection":[{"href":"https:\/\/dekorfal-btw.hu\/index.php?rest_route=\/wp\/v2\/pages"}],"about":[{"href":"https:\/\/dekorfal-btw.hu\/index.php?rest_route=\/wp\/v2\/types\/page"}],"author":[{"embeddable":true,"href":"https:\/\/dekorfal-btw.hu\/index.php?rest_route=\/wp\/v2\/users\/1"}],"replies":[{"embeddable":true,"href":"https:\/\/dekorfal-btw.hu\/index.php?rest_route=%2Fwp%2Fv2%2Fcomments&post=21"}],"version-history":[{"count":13,"href":"https:\/\/dekorfal-btw.hu\/index.php?rest_route=\/wp\/v2\/pages\/21\/revisions"}],"predecessor-version":[{"id":566,"href":"https:\/\/dekorfal-btw.hu\/index.php?rest_route=\/wp\/v2\/pages\/21\/revisions\/566"}],"wp:attachment":[{"href":"https:\/\/dekorfal-btw.hu\/index.php?rest_route=%2Fwp%2Fv2%2Fmedia&parent=21"}],"curies":[{"name":"wp","href":"https:\/\/api.w.org\/{rel}","templated":true}]}}